{"id":134,"date":"2026-03-12T18:51:18","date_gmt":"2026-03-12T18:51:18","guid":{"rendered":"https:\/\/panoramicassessments.inabaweb.com\/?page_id=134"},"modified":"2026-03-13T16:31:20","modified_gmt":"2026-03-13T16:31:20","slug":"blog","status":"publish","type":"page","link":"https:\/\/panoramicassessments.com\/es\/blog\/","title":{"rendered":"Blog"},"content":{"rendered":"<div data-elementor-type=\"wp-page\" data-elementor-id=\"134\" class=\"elementor elementor-134\" data-elementor-post-type=\"page\">\n\t\t\t\t\t\t<section class=\"elementor-section elementor-top-section elementor-element elementor-element-49450a22 elementor-section-boxed elementor-section-height-default elementor-section-height-default wpr-particle-no wpr-jarallax-no wpr-parallax-no wpr-sticky-section-no\" data-id=\"49450a22\" data-element_type=\"section\" data-e-type=\"section\" data-settings=\"{&quot;background_background&quot;:&quot;classic&quot;}\">\n\t\t\t\t\t\t\t<div class=\"elementor-background-overlay\"><\/div>\n\t\t\t\t\t\t\t<div class=\"elementor-container elementor-column-gap-default\">\n\t\t\t\t\t<div class=\"elementor-column elementor-col-100 elementor-top-column elementor-element elementor-element-3913343a\" data-id=\"3913343a\" data-element_type=\"column\" data-e-type=\"column\">\n\t\t\t<div class=\"elementor-widget-wrap elementor-element-populated\">\n\t\t\t\t\t\t<section class=\"elementor-section elementor-inner-section elementor-element elementor-element-59014053 elementor-section-boxed elementor-section-height-default elementor-section-height-default wpr-particle-no wpr-jarallax-no wpr-parallax-no wpr-sticky-section-no\" data-id=\"59014053\" data-element_type=\"section\" data-e-type=\"section\">\n\t\t\t\t\t\t<div class=\"elementor-container elementor-column-gap-default\">\n\t\t\t\t\t<div class=\"elementor-column elementor-col-100 elementor-inner-column elementor-element elementor-element-29bf4e26\" data-id=\"29bf4e26\" data-element_type=\"column\" data-e-type=\"column\">\n\t\t\t<div class=\"elementor-widget-wrap elementor-element-populated\">\n\t\t\t\t\t\t<div class=\"elementor-element elementor-element-7b923f41 elementor-invisible elementor-widget elementor-widget-heading\" data-id=\"7b923f41\" data-element_type=\"widget\" data-e-type=\"widget\" data-settings=\"{&quot;_animation&quot;:&quot;fadeInDown&quot;}\" data-widget_type=\"heading.default\">\n\t\t\t\t\t<h1 class=\"elementor-heading-title elementor-size-default\">Blog<\/h1>\t\t\t\t<\/div>\n\t\t\t\t<div class=\"elementor-element elementor-element-31291e2f elementor-invisible elementor-widget elementor-widget-heading\" data-id=\"31291e2f\" data-element_type=\"widget\" data-e-type=\"widget\" data-settings=\"{&quot;_animation&quot;:&quot;fadeInUp&quot;}\" data-widget_type=\"heading.default\">\n\t\t\t\t\t<h4 class=\"elementor-heading-title elementor-size-default\">An\u00e1lisis de marketing y crecimiento empresarial.<\/h4>\t\t\t\t<\/div>\n\t\t\t\t\t<\/div>\n\t\t<\/div>\n\t\t\t\t\t<\/div>\n\t\t<\/section>\n\t\t\t\t\t<\/div>\n\t\t<\/div>\n\t\t\t\t\t<\/div>\n\t\t<\/section>\n\t\t\t\t<section class=\"elementor-section elementor-top-section elementor-element elementor-element-69c0093b elementor-section-boxed elementor-section-height-default elementor-section-height-default wpr-particle-no wpr-jarallax-no wpr-parallax-no wpr-sticky-section-no\" data-id=\"69c0093b\" data-element_type=\"section\" data-e-type=\"section\">\n\t\t\t\t\t\t<div class=\"elementor-container elementor-column-gap-default\">\n\t\t\t\t\t<div class=\"elementor-column elementor-col-100 elementor-top-column elementor-element elementor-element-5ea914e2\" data-id=\"5ea914e2\" data-element_type=\"column\" data-e-type=\"column\">\n\t\t\t<div class=\"elementor-widget-wrap elementor-element-populated\">\n\t\t\t\t\t\t<div class=\"elementor-element elementor-element-929459f elementor-grid-eael-col-3 elementor-grid-tablet-eael-col-2 elementor-grid-mobile-eael-col-1 elementor-widget elementor-widget-eael-post-grid\" data-id=\"929459f\" data-element_type=\"widget\" data-e-type=\"widget\" data-settings=\"{&quot;eael_post_grid_columns&quot;:&quot;eael-col-3&quot;,&quot;eael_post_grid_columns_tablet&quot;:&quot;eael-col-2&quot;,&quot;eael_post_grid_columns_mobile&quot;:&quot;eael-col-1&quot;}\" data-widget_type=\"eael-post-grid.default\">\n\t\t\t\t\t<div id=\"eael-post-grid-929459f\" class=\"eael-post-grid-container\">\n            <div class=\"eael-post-grid eael-post-appender eael-post-appender-929459f eael-post-grid-style-one\" data-layout-mode=\"masonry\"><article class=\"eael-grid-post  eael-post-grid-column eael-pg-post-282 category-seo-digital-marketing\" data-id=\"282\">\n        <div class=\"eael-grid-post-holder\">\n            <div class=\"eael-grid-post-holder-inner\"><div class=\"eael-entry-media\"><div class=\"eael-entry-overlay fade-in\"><i class=\"fas fa-long-arrow-alt-right\" aria-hidden=\"true\"><\/i><a href=\"https:\/\/panoramicassessments.com\/es\/why-seo-is-essential-for-long-term-business-growth\/\"><\/a><\/div><div class=\"eael-entry-thumbnail\">\n                <img fetchpriority=\"high\" decoding=\"async\" width=\"300\" height=\"198\" src=\"https:\/\/panoramicassessments.com\/wp-content\/uploads\/2026\/03\/Imagenes-para-blog-2026-03-12T173543.982-300x198.png\" class=\"attachment-medium size-medium wp-image-283\" alt=\"Social media marketing management interface\" srcset=\"https:\/\/panoramicassessments.com\/wp-content\/uploads\/2026\/03\/Imagenes-para-blog-2026-03-12T173543.982-300x198.png 300w, https:\/\/panoramicassessments.com\/wp-content\/uploads\/2026\/03\/Imagenes-para-blog-2026-03-12T173543.982-1024x674.png 1024w, https:\/\/panoramicassessments.com\/wp-content\/uploads\/2026\/03\/Imagenes-para-blog-2026-03-12T173543.982-768x506.png 768w, https:\/\/panoramicassessments.com\/wp-content\/uploads\/2026\/03\/Imagenes-para-blog-2026-03-12T173543.982.png 1072w\" sizes=\"(max-width: 300px) 100vw, 300px\" \/>\n            <\/div>\n        <\/div><div class=\"eael-entry-wrapper\"><header class=\"eael-entry-header\"><h2 class=\"eael-entry-title\"><a class=\"eael-grid-post-link\" href=\"https:\/\/panoramicassessments.com\/es\/why-seo-is-essential-for-long-term-business-growth\/\" title=\"Por qu\u00e9 el SEO es esencial para el crecimiento empresarial a largo plazo.\">Por qu\u00e9 el SEO es esencial para el crecimiento empresarial a largo plazo.<\/a><\/h2><\/header><div class=\"eael-entry-content\">\n                        <div class=\"eael-grid-post-excerpt\"><p>En el mundo digital actual, tener un sitio web no es suficiente...<\/p><a href=\"https:\/\/panoramicassessments.com\/es\/why-seo-is-essential-for-long-term-business-growth\/\" class=\"eael-post-elements-readmore-btn\">Leer m\u00e1s<\/a><\/div>\n                    <\/div><\/div><\/div>\n        <\/div>\n    <\/article><article class=\"eael-grid-post  eael-post-grid-column eael-pg-post-279 category-lead-generation\" data-id=\"279\">\n        <div class=\"eael-grid-post-holder\">\n            <div class=\"eael-grid-post-holder-inner\"><div class=\"eael-entry-media\"><div class=\"eael-entry-overlay fade-in\"><i class=\"fas fa-long-arrow-alt-right\" aria-hidden=\"true\"><\/i><a href=\"https:\/\/panoramicassessments.com\/es\/10-proven-strategies-to-generate-more-leads-from-your-website\/\"><\/a><\/div><div class=\"eael-entry-thumbnail\">\n                <img decoding=\"async\" width=\"300\" height=\"198\" src=\"https:\/\/panoramicassessments.com\/wp-content\/uploads\/2026\/03\/Imagenes-para-blog-2026-03-12T173057.622-300x198.png\" class=\"attachment-medium size-medium wp-image-280\" alt=\"Managing social media marketing campaigns.\" srcset=\"https:\/\/panoramicassessments.com\/wp-content\/uploads\/2026\/03\/Imagenes-para-blog-2026-03-12T173057.622-300x198.png 300w, https:\/\/panoramicassessments.com\/wp-content\/uploads\/2026\/03\/Imagenes-para-blog-2026-03-12T173057.622-1024x674.png 1024w, https:\/\/panoramicassessments.com\/wp-content\/uploads\/2026\/03\/Imagenes-para-blog-2026-03-12T173057.622-768x506.png 768w, https:\/\/panoramicassessments.com\/wp-content\/uploads\/2026\/03\/Imagenes-para-blog-2026-03-12T173057.622.png 1072w\" sizes=\"(max-width: 300px) 100vw, 300px\" \/>\n            <\/div>\n        <\/div><div class=\"eael-entry-wrapper\"><header class=\"eael-entry-header\"><h2 class=\"eael-entry-title\"><a class=\"eael-grid-post-link\" href=\"https:\/\/panoramicassessments.com\/es\/10-proven-strategies-to-generate-more-leads-from-your-website\/\" title=\"10 estrategias comprobadas para generar m\u00e1s clientes potenciales desde tu sitio web.\">10 estrategias comprobadas para generar m\u00e1s clientes potenciales desde tu sitio web.<\/a><\/h2><\/header><div class=\"eael-entry-content\">\n                        <div class=\"eael-grid-post-excerpt\"><p>Tu sitio web debe ser m\u00e1s que una simple presencia en l\u00ednea...<\/p><a href=\"https:\/\/panoramicassessments.com\/es\/10-proven-strategies-to-generate-more-leads-from-your-website\/\" class=\"eael-post-elements-readmore-btn\">Leer m\u00e1s<\/a><\/div>\n                    <\/div><\/div><\/div>\n        <\/div>\n    <\/article><article class=\"eael-grid-post  eael-post-grid-column eael-pg-post-276 category-ai-automation\" data-id=\"276\">\n        <div class=\"eael-grid-post-holder\">\n            <div class=\"eael-grid-post-holder-inner\"><div class=\"eael-entry-media\"><div class=\"eael-entry-overlay fade-in\"><i class=\"fas fa-long-arrow-alt-right\" aria-hidden=\"true\"><\/i><a href=\"https:\/\/panoramicassessments.com\/es\/how-ai-marketing-automation-is-transforming-small-businesses\/\"><\/a><\/div><div class=\"eael-entry-thumbnail\">\n                <img decoding=\"async\" width=\"300\" height=\"198\" src=\"https:\/\/panoramicassessments.com\/wp-content\/uploads\/2026\/03\/Imagenes-para-blog-2026-03-12T172839.299-300x198.png\" class=\"attachment-medium size-medium wp-image-277\" alt=\"Business automation workflow diagram displayed on screen\" srcset=\"https:\/\/panoramicassessments.com\/wp-content\/uploads\/2026\/03\/Imagenes-para-blog-2026-03-12T172839.299-300x198.png 300w, https:\/\/panoramicassessments.com\/wp-content\/uploads\/2026\/03\/Imagenes-para-blog-2026-03-12T172839.299-1024x674.png 1024w, https:\/\/panoramicassessments.com\/wp-content\/uploads\/2026\/03\/Imagenes-para-blog-2026-03-12T172839.299-768x506.png 768w, https:\/\/panoramicassessments.com\/wp-content\/uploads\/2026\/03\/Imagenes-para-blog-2026-03-12T172839.299.png 1072w\" sizes=\"(max-width: 300px) 100vw, 300px\" \/>\n            <\/div>\n        <\/div><div class=\"eael-entry-wrapper\"><header class=\"eael-entry-header\"><h2 class=\"eael-entry-title\"><a class=\"eael-grid-post-link\" href=\"https:\/\/panoramicassessments.com\/es\/how-ai-marketing-automation-is-transforming-small-businesses\/\" title=\"C\u00f3mo la automatizaci\u00f3n del marketing con IA est\u00e1 transformando las peque\u00f1as empresas\">C\u00f3mo la automatizaci\u00f3n del marketing con IA est\u00e1 transformando las peque\u00f1as empresas<\/a><\/h2><\/header><div class=\"eael-entry-content\">\n                        <div class=\"eael-grid-post-excerpt\"><p>La inteligencia artificial (IA) ya no es una tecnolog\u00eda reservada \u00fanicamente a...<\/p><a href=\"https:\/\/panoramicassessments.com\/es\/how-ai-marketing-automation-is-transforming-small-businesses\/\" class=\"eael-post-elements-readmore-btn\">Leer m\u00e1s<\/a><\/div>\n                    <\/div><\/div><\/div>\n        <\/div>\n    <\/article><\/div>\n            <div class=\"clearfix\"><\/div>\n        <\/div>\t\t\t\t<\/div>\n\t\t\t\t\t<\/div>\n\t\t<\/div>\n\t\t\t\t\t<\/div>\n\t\t<\/section>\n\t\t\t\t<\/div>","protected":false},"excerpt":{"rendered":"<p>Marketing Insights &amp; Business Growth. Why SEO Is Essential for Long-Term Business Growth In today\u2019s digital world, having a website is not enough&#8230;. Leer m\u00e1s 10 Proven Strategies to Generate More Leads From Your Website Your website should be more than just an online presence\u2014it&#8230; Leer m\u00e1s How AI Marketing Automation Is Transforming Small Businesses Artificial Intelligence (AI) is no longer a technology reserved only&#8230; Leer m\u00e1s<\/p>","protected":false},"author":1,"featured_media":0,"parent":0,"menu_order":0,"comment_status":"closed","ping_status":"closed","template":"elementor_header_footer","meta":{"footnotes":""},"class_list":["post-134","page","type-page","status-publish","hentry"],"yoast_head":"<!-- This site is optimized with the Yoast SEO plugin v27.1.1 - https:\/\/yoast.com\/product\/yoast-seo-wordpress\/ -->\n<title>Blog - Panoramicassessments<\/title>\n<meta name=\"description\" content=\"Explore expert insights on digital marketing, SEO, automation, and lead generation. Discover strategies, tips, and trends to help your business grow online.\" \/>\n<meta name=\"robots\" content=\"index, follow, max-snippet:-1, max-image-preview:large, max-video-preview:-1\" \/>\n<link rel=\"canonical\" href=\"https:\/\/panoramicassessments.com\/es\/blog\/\" \/>\n<meta property=\"og:locale\" content=\"es_ES\" \/>\n<meta property=\"og:type\" content=\"article\" \/>\n<meta property=\"og:title\" content=\"Blog - Panoramicassessments\" \/>\n<meta property=\"og:description\" content=\"Explore expert insights on digital marketing, SEO, automation, and lead generation. Discover strategies, tips, and trends to help your business grow online.\" \/>\n<meta property=\"og:url\" content=\"https:\/\/panoramicassessments.com\/es\/blog\/\" \/>\n<meta property=\"og:site_name\" content=\"Panoramicassessments\" \/>\n<meta property=\"article:modified_time\" content=\"2026-03-13T16:31:20+00:00\" \/>\n<meta property=\"og:image\" content=\"https:\/\/panoramicassessments.com\/wp-content\/uploads\/2026\/03\/Imagenes-para-blog-2026-03-12T173543.982-300x198.png\" \/>\n<meta name=\"twitter:card\" content=\"summary_large_image\" \/>\n<meta name=\"twitter:label1\" content=\"Tiempo de lectura\" \/>\n\t<meta name=\"twitter:data1\" content=\"1 minuto\" \/>\n<script type=\"application\/ld+json\" class=\"yoast-schema-graph\">{\"@context\":\"https:\/\/schema.org\",\"@graph\":[{\"@type\":\"WebPage\",\"@id\":\"https:\/\/panoramicassessments.com\/blog\/\",\"url\":\"https:\/\/panoramicassessments.com\/blog\/\",\"name\":\"Blog - Panoramicassessments\",\"isPartOf\":{\"@id\":\"https:\/\/panoramicassessments.com\/#website\"},\"primaryImageOfPage\":{\"@id\":\"https:\/\/panoramicassessments.com\/blog\/#primaryimage\"},\"image\":{\"@id\":\"https:\/\/panoramicassessments.com\/blog\/#primaryimage\"},\"thumbnailUrl\":\"https:\/\/panoramicassessments.com\/wp-content\/uploads\/2026\/03\/Imagenes-para-blog-2026-03-12T173543.982-300x198.png\",\"datePublished\":\"2026-03-12T18:51:18+00:00\",\"dateModified\":\"2026-03-13T16:31:20+00:00\",\"description\":\"Explore expert insights on digital marketing, SEO, automation, and lead generation. Discover strategies, tips, and trends to help your business grow online.\",\"breadcrumb\":{\"@id\":\"https:\/\/panoramicassessments.com\/blog\/#breadcrumb\"},\"inLanguage\":\"es\",\"potentialAction\":[{\"@type\":\"ReadAction\",\"target\":[\"https:\/\/panoramicassessments.com\/blog\/\"]}]},{\"@type\":\"ImageObject\",\"inLanguage\":\"es\",\"@id\":\"https:\/\/panoramicassessments.com\/blog\/#primaryimage\",\"url\":\"https:\/\/panoramicassessments.com\/wp-content\/uploads\/2026\/03\/Imagenes-para-blog-2026-03-12T173543.982-300x198.png\",\"contentUrl\":\"https:\/\/panoramicassessments.com\/wp-content\/uploads\/2026\/03\/Imagenes-para-blog-2026-03-12T173543.982-300x198.png\"},{\"@type\":\"BreadcrumbList\",\"@id\":\"https:\/\/panoramicassessments.com\/blog\/#breadcrumb\",\"itemListElement\":[{\"@type\":\"ListItem\",\"position\":1,\"name\":\"Home\",\"item\":\"https:\/\/panoramicassessments.com\/\"},{\"@type\":\"ListItem\",\"position\":2,\"name\":\"Blog\"}]},{\"@type\":\"WebSite\",\"@id\":\"https:\/\/panoramicassessments.com\/#website\",\"url\":\"https:\/\/panoramicassessments.com\/\",\"name\":\"Panoramicassessments\",\"description\":\"\",\"publisher\":{\"@id\":\"https:\/\/panoramicassessments.com\/#organization\"},\"potentialAction\":[{\"@type\":\"SearchAction\",\"target\":{\"@type\":\"EntryPoint\",\"urlTemplate\":\"https:\/\/panoramicassessments.com\/?s={search_term_string}\"},\"query-input\":{\"@type\":\"PropertyValueSpecification\",\"valueRequired\":true,\"valueName\":\"search_term_string\"}}],\"inLanguage\":\"es\"},{\"@type\":\"Organization\",\"@id\":\"https:\/\/panoramicassessments.com\/#organization\",\"name\":\"Panoramicassessments\",\"url\":\"https:\/\/panoramicassessments.com\/\",\"logo\":{\"@type\":\"ImageObject\",\"inLanguage\":\"es\",\"@id\":\"https:\/\/panoramicassessments.com\/#\/schema\/logo\/image\/\",\"url\":\"https:\/\/panoramicassessments.com\/wp-content\/uploads\/2026\/03\/Panoramic-Assessments-LLC-Logo.png\",\"contentUrl\":\"https:\/\/panoramicassessments.com\/wp-content\/uploads\/2026\/03\/Panoramic-Assessments-LLC-Logo.png\",\"width\":860,\"height\":352,\"caption\":\"Panoramicassessments\"},\"image\":{\"@id\":\"https:\/\/panoramicassessments.com\/#\/schema\/logo\/image\/\"}}]}<\/script>\n<!-- \/ Yoast SEO plugin. -->","yoast_head_json":{"title":"Blog - Panoramicassessments","description":"Explore expert insights on digital marketing, SEO, automation, and lead generation. Discover strategies, tips, and trends to help your business grow online.","robots":{"index":"index","follow":"follow","max-snippet":"max-snippet:-1","max-image-preview":"max-image-preview:large","max-video-preview":"max-video-preview:-1"},"canonical":"https:\/\/panoramicassessments.com\/es\/blog\/","og_locale":"es_ES","og_type":"article","og_title":"Blog - Panoramicassessments","og_description":"Explore expert insights on digital marketing, SEO, automation, and lead generation. Discover strategies, tips, and trends to help your business grow online.","og_url":"https:\/\/panoramicassessments.com\/es\/blog\/","og_site_name":"Panoramicassessments","article_modified_time":"2026-03-13T16:31:20+00:00","og_image":[{"url":"https:\/\/panoramicassessments.com\/wp-content\/uploads\/2026\/03\/Imagenes-para-blog-2026-03-12T173543.982-300x198.png","type":"","width":"","height":""}],"twitter_card":"summary_large_image","twitter_misc":{"Tiempo de lectura":"1 minuto"},"schema":{"@context":"https:\/\/schema.org","@graph":[{"@type":"WebPage","@id":"https:\/\/panoramicassessments.com\/blog\/","url":"https:\/\/panoramicassessments.com\/blog\/","name":"Blog - Panoramicassessments","isPartOf":{"@id":"https:\/\/panoramicassessments.com\/#website"},"primaryImageOfPage":{"@id":"https:\/\/panoramicassessments.com\/blog\/#primaryimage"},"image":{"@id":"https:\/\/panoramicassessments.com\/blog\/#primaryimage"},"thumbnailUrl":"https:\/\/panoramicassessments.com\/wp-content\/uploads\/2026\/03\/Imagenes-para-blog-2026-03-12T173543.982-300x198.png","datePublished":"2026-03-12T18:51:18+00:00","dateModified":"2026-03-13T16:31:20+00:00","description":"Explore expert insights on digital marketing, SEO, automation, and lead generation. Discover strategies, tips, and trends to help your business grow online.","breadcrumb":{"@id":"https:\/\/panoramicassessments.com\/blog\/#breadcrumb"},"inLanguage":"es","potentialAction":[{"@type":"ReadAction","target":["https:\/\/panoramicassessments.com\/blog\/"]}]},{"@type":"ImageObject","inLanguage":"es","@id":"https:\/\/panoramicassessments.com\/blog\/#primaryimage","url":"https:\/\/panoramicassessments.com\/wp-content\/uploads\/2026\/03\/Imagenes-para-blog-2026-03-12T173543.982-300x198.png","contentUrl":"https:\/\/panoramicassessments.com\/wp-content\/uploads\/2026\/03\/Imagenes-para-blog-2026-03-12T173543.982-300x198.png"},{"@type":"BreadcrumbList","@id":"https:\/\/panoramicassessments.com\/blog\/#breadcrumb","itemListElement":[{"@type":"ListItem","position":1,"name":"Home","item":"https:\/\/panoramicassessments.com\/"},{"@type":"ListItem","position":2,"name":"Blog"}]},{"@type":"WebSite","@id":"https:\/\/panoramicassessments.com\/#website","url":"https:\/\/panoramicassessments.com\/","name":"evaluaciones panor\u00e1micas","description":"","publisher":{"@id":"https:\/\/panoramicassessments.com\/#organization"},"potentialAction":[{"@type":"SearchAction","target":{"@type":"EntryPoint","urlTemplate":"https:\/\/panoramicassessments.com\/?s={search_term_string}"},"query-input":{"@type":"PropertyValueSpecification","valueRequired":true,"valueName":"search_term_string"}}],"inLanguage":"es"},{"@type":"Organization","@id":"https:\/\/panoramicassessments.com\/#organization","name":"evaluaciones panor\u00e1micas","url":"https:\/\/panoramicassessments.com\/","logo":{"@type":"ImageObject","inLanguage":"es","@id":"https:\/\/panoramicassessments.com\/#\/schema\/logo\/image\/","url":"https:\/\/panoramicassessments.com\/wp-content\/uploads\/2026\/03\/Panoramic-Assessments-LLC-Logo.png","contentUrl":"https:\/\/panoramicassessments.com\/wp-content\/uploads\/2026\/03\/Panoramic-Assessments-LLC-Logo.png","width":860,"height":352,"caption":"Panoramicassessments"},"image":{"@id":"https:\/\/panoramicassessments.com\/#\/schema\/logo\/image\/"}}]}},"_hostinger_reach_plugin_has_subscription_block":false,"_hostinger_reach_plugin_is_elementor":false,"_links":{"self":[{"href":"https:\/\/panoramicassessments.com\/es\/wp-json\/wp\/v2\/pages\/134","targetHints":{"allow":["GET"]}}],"collection":[{"href":"https:\/\/panoramicassessments.com\/es\/wp-json\/wp\/v2\/pages"}],"about":[{"href":"https:\/\/panoramicassessments.com\/es\/wp-json\/wp\/v2\/types\/page"}],"author":[{"embeddable":true,"href":"https:\/\/panoramicassessments.com\/es\/wp-json\/wp\/v2\/users\/1"}],"replies":[{"embeddable":true,"href":"https:\/\/panoramicassessments.com\/es\/wp-json\/wp\/v2\/comments?post=134"}],"version-history":[{"count":25,"href":"https:\/\/panoramicassessments.com\/es\/wp-json\/wp\/v2\/pages\/134\/revisions"}],"predecessor-version":[{"id":310,"href":"https:\/\/panoramicassessments.com\/es\/wp-json\/wp\/v2\/pages\/134\/revisions\/310"}],"wp:attachment":[{"href":"https:\/\/panoramicassessments.com\/es\/wp-json\/wp\/v2\/media?parent=134"}],"curies":[{"name":"wp","href":"https:\/\/api.w.org\/{rel}","templated":true}]}}